{"id":314,"date":"2021-07-01T17:29:20","date_gmt":"2021-07-01T17:29:20","guid":{"rendered":"https:\/\/wp.hashe.com\/4udesignsonline\/?page_id=314"},"modified":"2022-12-08T12:01:47","modified_gmt":"2022-12-08T12:01:47","slug":"sitemap","status":"publish","type":"page","link":"https:\/\/wp.hashe.com\/4udesignsonline\/sitemap\/","title":{"rendered":"Sitemap"},"content":{"rendered":"<div class=\"wsp-container\"><h2 class=\"wsp-pages-title\">Pages<\/h2>\n<ul class=\"wsp-pages-list\">\n<li class=\"page_item page-item-3506\"><a href=\"https:\/\/wp.hashe.com\/4udesignsonline\/corporate-main-shop\/\">Corporate main shop<\/a><\/li>\n<li class=\"page_item page-item-354\"><a href=\"https:\/\/wp.hashe.com\/4udesignsonline\/corporate-sales\/\">Corporate Sales<\/a><\/li>\n<li class=\"page_item page-item-228\"><a href=\"https:\/\/wp.hashe.com\/4udesignsonline\/terms-of-service\/\">Terms of Service<\/a><\/li>\n<li class=\"page_item page-item-250\"><a href=\"https:\/\/wp.hashe.com\/4udesignsonline\/contact-us\/\">Contact us<\/a><\/li>\n<li class=\"page_item page-item-224\"><a href=\"https:\/\/wp.hashe.com\/4udesignsonline\/refund-policy\/\">Refund policy<\/a><\/li>\n<li class=\"page_item page-item-226\"><a href=\"https:\/\/wp.hashe.com\/4udesignsonline\/privacy-policy\/\">Privacy Policy<\/a><\/li>\n<li class=\"page_item page-item-139\"><a href=\"https:\/\/wp.hashe.com\/4udesignsonline\/billing-faqs\/\">Billing faqs<\/a><\/li>\n<li class=\"page_item page-item-7\"><a href=\"https:\/\/wp.hashe.com\/4udesignsonline\/cart\/\">Cart<\/a><\/li>\n<li class=\"page_item page-item-8\"><a href=\"https:\/\/wp.hashe.com\/4udesignsonline\/checkout\/\">Checkout<\/a><\/li>\n<li class=\"page_item page-item-2\"><a href=\"https:\/\/wp.hashe.com\/4udesignsonline\/\"> . . . .  four Letter Word <\/a><\/li>\n<li class=\"page_item page-item-9\"><a href=\"https:\/\/wp.hashe.com\/4udesignsonline\/my-account\/\">My account<\/a><\/li>\n<li class=\"page_item page-item-6\"><a href=\"https:\/\/wp.hashe.com\/4udesignsonline\/shop\/\">Shop<\/a><\/li>\n<\/ul>\n<h2 class=\"wsp-posts-title\">Posts by category<\/h2>\n<ul class=\"wsp-posts-list\">\n\t<li><strong class=\"wsp-category-title\">Category: <a href=\"https:\/\/wp.hashe.com\/4udesignsonline\/category\/verde-casino-hungary\/\">verde casino hungary<\/a><\/strong>\n<ul class=\"wsp-posts-list\">\t\t<li class=\"wsp-post\"><a href=\"https:\/\/wp.hashe.com\/4udesignsonline\/%d1%80%d0%b5%d0%b9%d1%82%d0%b8%d0%bd%d0%b3-%d0%bb%d1%83%d1%87%d1%88%d0%b8%d1%85-%d0%be%d0%bd%d0%bb%d0%b0%d0%b9%d0%bd-%d0%ba%d0%b0%d0%b7%d0%b8%d0%bd\/\">\u0420\u0435\u0439\u0442\u0438\u043d\u0433 \u041b\u0443\u0447\u0448\u0438\u0445 \u041e\u043d\u043b\u0430\u0439\u043d \u041a\u0430\u0437\u0438\u043d<\/a><\/li>\n\t\t<li class=\"wsp-post\"><a href=\"https:\/\/wp.hashe.com\/4udesignsonline\/obsceno-casino1200-230-ingyenes-poergetest-2024\/\">&#8220;Obsceno Casino\ufe0f1200 + 230 Ingyenes P\u00f6rget\u00e9st 2024<\/a><\/li>\n<\/ul><\/li>\n\t<li><strong class=\"wsp-category-title\">Category: <a href=\"https:\/\/wp.hashe.com\/4udesignsonline\/category\/aviator-brazil\/\">aviator brazil<\/a><\/strong>\n<ul class=\"wsp-posts-list\">\t\t<li class=\"wsp-post\"><a href=\"https:\/\/wp.hashe.com\/4udesignsonline\/web-site-oficial-no-brasil-jogar-aviator-onlin\/\">&#8220;Web-site Oficial No Brasil Jogar Aviator Onlin<\/a><\/li>\n<\/ul><\/li>\n\t<li><strong class=\"wsp-category-title\">Category: <a href=\"https:\/\/wp.hashe.com\/4udesignsonline\/category\/sweet-bonanza-tr\/\">sweet bonanza TR<\/a><\/strong>\n<ul class=\"wsp-posts-list\">\t\t<li class=\"wsp-post\"><a href=\"https:\/\/wp.hashe.com\/4udesignsonline\/sweet-bonanza-slot-ucretsiz-demo-oyun\/\">&#8220;Sweet Bonanza Slot \u00dccretsiz Demo Oyun<\/a><\/li>\n<\/ul><\/li>\n\t<li><strong class=\"wsp-category-title\">Category: <a href=\"https:\/\/wp.hashe.com\/4udesignsonline\/category\/basaribet\/\">Basaribet<\/a><\/strong>\n<ul class=\"wsp-posts-list\">\t\t<li class=\"wsp-post\"><a href=\"https:\/\/wp.hashe.com\/4udesignsonline\/tuerkiyenin-1-canl-casinolar-gertsek-krupiyeli-on-the-web-casinolar\/\">&#8220;t\u00fcrkiyenin #1 Canl\u0131 Casinolar\u0131 Ger\u00e7ek Krupiyeli On The Web Casinolar<\/a><\/li>\n<\/ul><\/li>\n\t<li><strong class=\"wsp-category-title\">Category: <a href=\"https:\/\/wp.hashe.com\/4udesignsonline\/category\/masalbet\/\">Masalbet<\/a><\/strong>\n<ul class=\"wsp-posts-list\">\t\t<li class=\"wsp-post\"><a href=\"https:\/\/wp.hashe.com\/4udesignsonline\/one-numarali-kumarhane-masalbe\/\">&#8220;One Numaral\u0131 Kumarhane Masalbe<\/a><\/li>\n<\/ul><\/li>\n\t<li><strong class=\"wsp-category-title\">Category: <a href=\"https:\/\/wp.hashe.com\/4udesignsonline\/category\/bankobet\/\">Bankobet<\/a><\/strong>\n<ul class=\"wsp-posts-list\">\t\t<li class=\"wsp-post\"><a href=\"https:\/\/wp.hashe.com\/4udesignsonline\/guevenilir-casino-siteleri-free-of-charge-spin-veren-gambling-establishment-siteleri\/\">G\u00fcvenilir Casino Siteleri Free Of Charge Spin Veren Gambling Establishment Siteleri<\/a><\/li>\n<\/ul><\/li>\n\t<li><strong class=\"wsp-category-title\">Category: <a href=\"https:\/\/wp.hashe.com\/4udesignsonline\/category\/computers-games\/\">Computers, Games<\/a><\/strong>\n<ul class=\"wsp-posts-list\">\t\t<li class=\"wsp-post\"><a href=\"https:\/\/wp.hashe.com\/4udesignsonline\/%d0%ba%d0%b0%d0%b7%d0%b8%d0%bd%d0%be-%d0%b0%d1%80%d0%ba%d0%b0%d0%b4%d0%b0-%d0%be%d1%84%d0%b8%d1%86%d0%b8%d0%b0%d0%bb%d1%8c%d0%bd%d1%8b%d0%b9-%d1%81%d0%b0%d0%b9%d1%82-%d0%be%d0%bd%d0%bb%d0%b0%d0%b9\/\">\u041a\u0430\u0437\u0438\u043d\u043e \u0410\u0440\u043a\u0430\u0434\u0430 \u043e\u0444\u0438\u0446\u0438\u0430\u043b\u044c\u043d\u044b\u0439 \u0441\u0430\u0439\u0442 \u043e\u043d\u043b\u0430\u0439\u043d. \u0417\u0435\u0440\u043a\u0430\u043b\u043e \u043a\u0430\u0437\u0438\u043d\u043e Arkada. \u041b\u0438\u0447\u043d\u044b\u0439 \u043a\u0430\u0431\u0438\u043d\u0435\u0442, \u0432\u0445\u043e\u0434, \u0440\u0435\u0433\u0438\u0441\u0442\u0440\u0430\u0446\u0438\u044f<\/a><\/li>\n<\/ul><\/li>\n\t<li><strong class=\"wsp-category-title\">Category: <a href=\"https:\/\/wp.hashe.com\/4udesignsonline\/category\/self-improvement-coaching\/\">Self Improvement, Coaching<\/a><\/strong>\n<ul class=\"wsp-posts-list\">\t\t<li class=\"wsp-post\"><a href=\"https:\/\/wp.hashe.com\/4udesignsonline\/%d0%b0%d1%80%d0%ba%d0%b0%d0%b4%d0%b0-%d0%ba%d0%b0%d0%b7%d0%b8%d0%bd%d0%be-%d0%b2%d1%85%d0%be%d0%b4-%d0%bd%d0%b0-%d1%81%d0%b0%d0%b9%d1%82-%d0%bb%d0%b8%d1%87%d0%bd%d1%8b%d0%b9-%d0%ba%d0%b0%d0%b1\/\">\u0410\u0440\u043a\u0430\u0434\u0430 \u041a\u0430\u0437\u0438\u043d\u043e &#8211; \u0432\u0445\u043e\u0434 \u043d\u0430 \u0441\u0430\u0439\u0442, \u043b\u0438\u0447\u043d\u044b\u0439 \u043a\u0430\u0431\u0438\u043d\u0435\u0442, \u0431\u043e\u043d\u0443\u0441\u044b \u0437\u0430 \u0440\u0435\u0433\u0438\u0441\u0442\u0440\u0430\u0446\u0438\u044e, \u043b\u0443\u0447\u0448\u0438\u0435 \u0441\u043b\u043e\u0442\u044b \u043d\u0430 \u0434\u0435\u043d\u044c\u0433\u0438 \u0438 \u0431\u0435\u0441\u043f\u043b\u0430\u0442\u043d\u043e \u0432 \u0434\u0435\u043c\u043e-\u0440\u0435\u0436\u0438\u043c\u0435<\/a><\/li>\n<\/ul><\/li>\n\t<li><strong class=\"wsp-category-title\">Category: <a href=\"https:\/\/wp.hashe.com\/4udesignsonline\/category\/%d0%ba%d0%be%d0%bc%d0%b5%d1%82%d0%b0-%d0%ba%d0%b0%d0%b7%d0%b8%d0%bd%d0%be\/\">\u041a\u043e\u043c\u0435\u0442\u0430 \u041a\u0430\u0437\u0438\u043d\u043e<\/a><\/strong>\n<ul class=\"wsp-posts-list\">\t\t<li class=\"wsp-post\"><a href=\"https:\/\/wp.hashe.com\/4udesignsonline\/rejting-top-odnim-kazino-na-segodnja-rejting-kazin\/\">\u0420\u0435\u0439\u0442\u0438\u043d\u0433 \u0422\u043e\u043f \u043e\u0434\u043d\u0438\u043c \u041a\u0430\u0437\u0438\u043d\u043e \u041d\u0430 \u0441\u0435\u0433\u043e\u0434\u043d\u044f \u0420\u0435\u0439\u0442\u0438\u043d\u0433 \u041a\u0430\u0437\u0438\u043d<\/a><\/li>\n<\/ul><\/li>\n\t<li><strong class=\"wsp-category-title\">Category: <a href=\"https:\/\/wp.hashe.com\/4udesignsonline\/category\/banda\/\">Banda<\/a><\/strong>\n<ul class=\"wsp-posts-list\">\t\t<li class=\"wsp-post\"><a href=\"https:\/\/wp.hashe.com\/4udesignsonline\/%d0%ba%d0%bb%d1%83%d0%b1%d0%bd%d0%b8%d1%87%d0%ba%d0%b8-%d0%b8%d0%b3%d1%80%d0%b0%d1%82%d1%8c-%d0%b1%d0%b5%d0%b7-%d0%b1%d0%b0%d0%bd%d0%b4%d0%b0-%d0%ba%d0%b0%d0%b7%d0%b8%d0%bd%d0%be\/\">\u041a\u043b\u0443\u0431\u043d\u0438\u0447\u043a\u0438 \u0438\u0433\u0440\u0430\u0442\u044c \u0431\u0435\u0437 \u0411\u0430\u043d\u0434\u0430 \u041a\u0430\u0437\u0438\u043d\u043e<\/a><\/li>\n\t\t<li class=\"wsp-post\"><a href=\"https:\/\/wp.hashe.com\/4udesignsonline\/%d0%b8%d0%b3%d1%80%d0%b0%d0%b9-%d0%b2-%d1%83%d0%bd%d0%b8%d0%ba%d0%b0%d0%bb%d1%8c%d0%bd%d0%be%d0%bc-%d1%81%d1%82%d0%b8%d0%bb%d0%b5-%d0%b1%d0%b0%d0%bd%d0%b4%d0%b0-%d0%ba%d0%b0%d0%b7%d0%b8%d0%bd%d0%be\/\">\u0418\u0433\u0440\u0430\u0439 \u0432 \u0423\u043d\u0438\u043a\u0430\u043b\u044c\u043d\u043e\u043c \u0421\u0442\u0438\u043b\u0435: \u0411\u0430\u043d\u0434\u0430 \u041a\u0430\u0437\u0438\u043d\u043e \u0416\u0434\u0435\u0442 \u0422\u0435\u0431\u044f!<\/a><\/li>\n<\/ul><\/li>\n\t<li><strong class=\"wsp-category-title\">Category: <a href=\"https:\/\/wp.hashe.com\/4udesignsonline\/category\/king-johnnie\/\">king johnnie<\/a><\/strong>\n<ul class=\"wsp-posts-list\">\t\t<li class=\"wsp-post\"><a href=\"https:\/\/wp.hashe.com\/4udesignsonline\/top-twelve-online-roulette-web-sites-for-real-funds-play-in-202\/\">Top Twelve Online Roulette Web Sites For Real Funds Play In 202<\/a><\/li>\n<\/ul><\/li>\n\t<li><strong class=\"wsp-category-title\">Category: <a href=\"https:\/\/wp.hashe.com\/4udesignsonline\/category\/online-casino-au\/\">online casino au<\/a><\/strong>\n<ul class=\"wsp-posts-list\">\t\t<li class=\"wsp-post\"><a href=\"https:\/\/wp.hashe.com\/4udesignsonline\/real-money-on-the-internet-casinos-australia-leading-50-aussie-casino\/\">Real Money On The Internet Casinos Australia Leading 50 Aussie Casino<\/a><\/li>\n<\/ul><\/li>\n\t<li><strong class=\"wsp-category-title\">Category: <a href=\"https:\/\/wp.hashe.com\/4udesignsonline\/category\/casino-online-it\/\">casin\u00f2 online it<\/a><\/strong>\n<ul class=\"wsp-posts-list\">\t\t<li class=\"wsp-post\"><a href=\"https:\/\/wp.hashe.com\/4udesignsonline\/i-migliori-siti-di-slot-online-nel-202\/\">I Migliori Siti Di Slot Online Nel 202<\/a><\/li>\n<\/ul><\/li>\n\t<li><strong class=\"wsp-category-title\">Category: <a href=\"https:\/\/wp.hashe.com\/4udesignsonline\/category\/casino-onlina-ca\/\">casino onlina ca<\/a><\/strong>\n<ul class=\"wsp-posts-list\">\t\t<li class=\"wsp-post\"><a href=\"https:\/\/wp.hashe.com\/4udesignsonline\/real-money-casinos-sites%e3%80%902024%e3%80%91-online-casino-genuine-money\/\">Real Money Casinos Sites\u30102024\u3011 Online Casino Genuine Money<\/a><\/li>\n\t\t<li class=\"wsp-post\"><a href=\"https:\/\/wp.hashe.com\/4udesignsonline\/real-money-casinos-sites%e3%80%902024%e3%80%91-online-casino-genuine-money-2\/\">Real Money Casinos Sites\u30102024\u3011 Online Casino Genuine Money<\/a><\/li>\n<\/ul><\/li>\n\t<li><strong class=\"wsp-category-title\">Category: <a href=\"https:\/\/wp.hashe.com\/4udesignsonline\/category\/casino-en-ligne-fr\/\">casino en ligne fr<\/a><\/strong>\n<ul class=\"wsp-posts-list\">\t\t<li class=\"wsp-post\"><a href=\"https:\/\/wp.hashe.com\/4udesignsonline\/meilleurs-internet-casinos-frantsais-de-202\/\">Meilleurs Internet Casinos Fran\u00e7ais De 202<\/a><\/li>\n\t\t<li class=\"wsp-post\"><a href=\"https:\/\/wp.hashe.com\/4udesignsonline\/top-casinos-durante-ligne-2024-plateformes-fiables-et-rentables\/\">Top Casinos Durante Ligne 2024: Plateformes Fiables Et Rentables!<\/a><\/li>\n\t\t<li class=\"wsp-post\"><a href=\"https:\/\/wp.hashe.com\/4udesignsonline\/nouveaux-casinos-en-ligne-top-15-internet-casinos-en-france-202\/\">Nouveaux Casinos En Ligne Top 15 Internet Casinos En France 202<\/a><\/li>\n<\/ul><\/li>\n\t<li><strong class=\"wsp-category-title\">Category: <a href=\"https:\/\/wp.hashe.com\/4udesignsonline\/category\/kasyno-online-pl\/\">Kasyno Online PL<\/a><\/strong>\n<ul class=\"wsp-posts-list\">\t\t<li class=\"wsp-post\"><a href=\"https:\/\/wp.hashe.com\/4udesignsonline\/ranking-kasyn-online-pazdziernik-2024-najlepsze-kasyna-internetow\/\">Ranking Kasyn Online Pa\u017adziernik 2024 Najlepsze Kasyna Internetow<\/a><\/li>\n<\/ul><\/li>\n\t<li><strong class=\"wsp-category-title\">Category: <a href=\"https:\/\/wp.hashe.com\/4udesignsonline\/category\/casino-online-ar\/\">casino online ar<\/a><\/strong>\n<ul class=\"wsp-posts-list\">\t\t<li class=\"wsp-post\"><a href=\"https:\/\/wp.hashe.com\/4udesignsonline\/las-mejores-aplicaciones-para-ganar-dinero-real-sin-invertir-blo\/\">Las Mejores Aplicaciones Para Ganar Dinero Real Sin Invertir Blo<\/a><\/li>\n<\/ul><\/li>\n\t<li><strong class=\"wsp-category-title\">Category: <a href=\"https:\/\/wp.hashe.com\/4udesignsonline\/category\/pinco\/\">pinco<\/a><\/strong>\n<ul class=\"wsp-posts-list\">\t\t<li class=\"wsp-post\"><a href=\"https:\/\/wp.hashe.com\/4udesignsonline\/%d0%bf%d0%b8%d0%bd-%d0%b0%d0%bf-%d0%ba%d0%b0%d0%b7%d0%b8%d0%bd%d0%be%3a-%d0%b8%d0%b3%d1%80%d0%b0%d1%82%d1%8c-%d0%bd%d0%b0-%d0%b4%d0%b5%d0%bd%d1%8c%d0%b3%d0%b8-%d0%bd%d0%b0-%d0%be%d1%84%d0%b8%d1%86\/\">\u041f\u0438\u043d \u0410\u043f \u041a\u0430\u0437\u0438\u043d\u043e%3A \u0418\u0433\u0440\u0430\u0442\u044c \u043d\u0430 \u0414\u0435\u043d\u044c\u0433\u0438 \u041d\u0430 \u041e\u0444\u0438\u0446\u0438\u0430\u043b\u044c\u043d\u043e\u043c \u0421\u0430\u0439\u0442\u0435 Pin U<\/a><\/li>\n\t\t<li class=\"wsp-post\"><a href=\"https:\/\/wp.hashe.com\/4udesignsonline\/%d1%80%d0%b5%d0%b9%d1%82%d0%b8%d0%bd%d0%b3-%d0%bb%d1%83%d1%87%d1%88%d0%b8%d1%85-%d0%be%d0%bd%d0%bb%d0%b0%d0%b9%d0%bd-%d0%ba%d0%b0%d0%b7%d0%b8%d0%bd%d0%be-2024-%d1%82%d0%be%d0%bf-10-%d1%87%d0%b5%d1%81\/\">\u0420\u0435\u0439\u0442\u0438\u043d\u0433 \u041b\u0443\u0447\u0448\u0438\u0445 \u041e\u043d\u043b\u0430\u0439\u043d-\u043a\u0430\u0437\u0438\u043d\u043e 2024 \u0422\u043e\u043f 10 \u0427\u0435\u0441\u0442\u043d\u044b\u0445 \u0418 \u043f\u0440\u043e\u0432\u0435\u0440\u0435\u043d\u043d\u044b\u0445 \u041a\u0430\u0437\u0438\u043d\u043e \u0418\u0437 65<\/a><\/li>\n<\/ul><\/li>\n\t<li><strong class=\"wsp-category-title\">Category: <a href=\"https:\/\/wp.hashe.com\/4udesignsonline\/category\/1winrussia\/\">1winRussia<\/a><\/strong>\n<ul class=\"wsp-posts-list\">\t\t<li class=\"wsp-post\"><a href=\"https:\/\/wp.hashe.com\/4udesignsonline\/bonusy-za-registratsiju-top-onlajn-kazino-s-luchshimi-predlozhenijam\/\">\u0411\u043e\u043d\u0443\u0441\u044b \u0437\u0430 \u0440\u0435\u0433\u0438\u0441\u0442\u0440\u0430\u0446\u0438\u044e: \u0442\u043e\u043f \u043e\u043d\u043b\u0430\u0439\u043d \u043a\u0430\u0437\u0438\u043d\u043e \u0441 \u043b\u0443\u0447\u0448\u0438\u043c\u0438 \u043f\u0440\u0435\u0434\u043b\u043e\u0436\u0435\u043d\u0438\u044f\u043c<\/a><\/li>\n\t\t<li class=\"wsp-post\"><a href=\"https:\/\/wp.hashe.com\/4udesignsonline\/vhod-1win-ofitsialnogo-sajt-bukmekerskoj-kontory-i-kazino-1vi\/\">\u0412\u0445\u043e\u0434 1win \u043e\u0444\u0438\u0446\u0438\u0430\u043b\u044c\u043d\u043e\u0433\u043e \u0421\u0430\u0439\u0442 \u0411\u0443\u043a\u043c\u0435\u043a\u0435\u0440\u0441\u043a\u043e\u0439 \u041a\u043e\u043d\u0442\u043e\u0440\u044b \u0418 \u041a\u0430\u0437\u0438\u043d\u043e 1\u0432\u0438<\/a><\/li>\n\t\t<li class=\"wsp-post\"><a href=\"https:\/\/wp.hashe.com\/4udesignsonline\/aviator-igra-na-fartsanut-ofitsialnyj-sajt-aviato\/\">&#8220;\u0430\u0432\u0438\u0430\u0442\u043e\u0440 \u0418\u0433\u0440\u0430 \u041d\u0430 \u0444\u0430\u0440\u0446\u0430\u043d\u0443\u0442\u044c \u041e\u0444\u0438\u0446\u0438\u0430\u043b\u044c\u043d\u044b\u0439 \u0421\u0430\u0439\u0442 Aviato<\/a><\/li>\n<\/ul><\/li>\n\t<li><strong class=\"wsp-category-title\">Category: <a href=\"https:\/\/wp.hashe.com\/4udesignsonline\/category\/news\/\">News<\/a><\/strong>\n<ul class=\"wsp-posts-list\">\t\t<li class=\"wsp-post\"><a href=\"https:\/\/wp.hashe.com\/4udesignsonline\/%d0%be%d1%84%d0%b8%d1%86%d0%b8%d0%b0%d0%bb%d1%8c%d0%bd%d0%be%d0%b5-%d0%ba%d0%b0%d0%b7%d0%b8%d0%bd%d0%be-%d0%b3%d0%b8%d0%b7%d0%b1%d0%be-%d0%be%d0%bd%d0%bb%d0%b0%d0%b9%d0%bd-%d0%bb%d0%b8%d1%87%d0%bd\/\">\u041e\u0444\u0438\u0446\u0438\u0430\u043b\u044c\u043d\u043e\u0435 \u043a\u0430\u0437\u0438\u043d\u043e \u0413\u0438\u0437\u0431\u043e \u043e\u043d\u043b\u0430\u0439\u043d. \u041b\u0438\u0447\u043d\u044b\u0439 \u041a\u0430\u0431\u0438\u043d\u0435\u0442, \u0440\u0435\u0433\u0438\u0441\u0442\u0440\u0430\u0446\u0438\u044f, \u0438\u0433\u0440\u043e\u0432\u044b\u0435 \u0430\u0432\u0442\u043e\u043c\u0430\u0442\u044b. \u0410\u043a\u0442\u0443\u0430\u043b\u044c\u043d\u043e\u0435 \u0437\u0435\u0440\u043a\u0430\u043b\u043e \u0413\u0438\u0437\u0431\u043e<\/a><\/li>\n\t\t<li class=\"wsp-post\"><a href=\"https:\/\/wp.hashe.com\/4udesignsonline\/%d0%ba%d0%be%d0%bc%d0%b5%d1%82%d0%b0-%d0%ba%d0%b0%d0%b7%d0%b8%d0%bd%d0%be-%d0%be%d0%bd%d0%bb%d0%b0%d0%b9%d0%bd\/\">\u041a\u043e\u043c\u0435\u0442\u0430 \u041a\u0430\u0437\u0438\u043d\u043e \u041e\u043d\u043b\u0430\u0439\u043d<\/a><\/li>\n\t\t<li class=\"wsp-post\"><a href=\"https:\/\/wp.hashe.com\/4udesignsonline\/kometa-casino-%d0%b7%d0%b5%d1%80%d0%ba%d0%b0%d0%bb%d0%be-%e1%90%88-%d0%b2%d1%85%d0%be%d0%b4-%d0%bd%d0%b0-%d0%be%d1%84%d0%b8%d1%86%d0%b8%d0%b0%d0%bb%d1%8c%d0%bd%d1%8b%d0%b9-%d1%81%d0%b0%d0%b9%d1%82\/\">Kometa Casino \u0417\u0435\u0440\u043a\u0430\u043b\u043e \u1408 \u0412\u0445\u043e\u0434 \u041d\u0430 \u041e\u0444\u0438\u0446\u0438\u0430\u043b\u044c\u043d\u044b\u0439 \u0421\u0430\u0439\u0442 \u041a\u043e\u043c\u0435\u0442\u0430 \u041a\u0430\u0437\u0438\u043d\u043e<\/a><\/li>\n\t\t<li class=\"wsp-post\"><a href=\"https:\/\/wp.hashe.com\/4udesignsonline\/%d0%be%d0%bd%d0%bb%d0%b0%d0%b9%d0%bd-%d0%ba%d0%b0%d0%b7%d0%b8%d0%bd%d0%be-%d0%ba%d0%be%d0%bc%d0%b5%d1%82%d0%b0-%d0%b7%d0%b5%d1%80%d0%ba%d0%b0%d0%bb%d0%be-%d0%ba%d0%b0%d0%b7%d0%b8%d0%bd%d0%be-kometa\/\">\u041e\u043d\u043b\u0430\u0439\u043d \u041a\u0430\u0437\u0438\u043d\u043e \u041a\u043e\u043c\u0435\u0442\u0430. \u0417\u0435\u0440\u043a\u0430\u043b\u043e \u041a\u0430\u0437\u0438\u043d\u043e Kometa. \u041b\u0438\u0447\u043d\u044b\u0439 \u041a\u0430\u0431\u0438\u043d\u0435\u0442, \u0420\u0435\u0433\u0438\u0441\u0442\u0440\u0430\u0446\u0438\u044f, \u0418\u0433\u0440\u043e\u0432\u044b\u0435 \u0410\u0432\u0442\u043e\u043c\u0430\u0442\u044b<\/a><\/li>\n<\/ul><\/li>\n\t<li><strong class=\"wsp-category-title\">Category: <a href=\"https:\/\/wp.hashe.com\/4udesignsonline\/category\/1win-uzbekistan\/\">1win uzbekistan<\/a><\/strong>\n<ul class=\"wsp-posts-list\">\t\t<li class=\"wsp-post\"><a href=\"https:\/\/wp.hashe.com\/4udesignsonline\/spor-ve-tsesitlilik-katlmn-ve-temsilin-oenemi-sport-haqida-malumo\/\">Spor Ve \u00c7e\u015fitlilik: Kat\u0131l\u0131m\u0131n Ve Temsilin \u00d6nemi Sport Haqida Ma&#8217;lumo<\/a><\/li>\n<\/ul><\/li>\n\t<li><strong class=\"wsp-category-title\">Category: <a href=\"https:\/\/wp.hashe.com\/4udesignsonline\/category\/mostbet-tr\/\">mostbet tr<\/a><\/strong>\n<ul class=\"wsp-posts-list\">\t\t<li class=\"wsp-post\"><a href=\"https:\/\/wp.hashe.com\/4udesignsonline\/tuerkiyenin-en-iyi-online-bahis-sirket\/\">T\u00fcrkiye&#8217;nin En I\u0307yi Online Bahis \u015eirket<\/a><\/li>\n\t\t<li class=\"wsp-post\"><a href=\"https:\/\/wp.hashe.com\/4udesignsonline\/mostbet-giris-tsevrimitsi-spor-bahisleri-ve-on-line-casino-9-000ye-kadar-bonu\/\">Mostbet Giri\u015f: \u00c7evrimi\u00e7i Spor Bahisleri Ve On Line Casino 9, 000&#8217;ye Kadar Bonu<\/a><\/li>\n\t\t<li class=\"wsp-post\"><a href=\"https:\/\/wp.hashe.com\/4udesignsonline\/mostbet-giris-mostbet-tuerkiye-canl-bahis-sitesi-bilgiler\/\">Mostbet Giri\u015f: Mostbet T\u00fcrkiye Canl\u0131 Bahis Sitesi Bilgiler<\/a><\/li>\n<\/ul><\/li>\n\t<li><strong class=\"wsp-category-title\">Category: <a href=\"https:\/\/wp.hashe.com\/4udesignsonline\/category\/1win-brazil\/\">1win Brazil<\/a><\/strong>\n<ul class=\"wsp-posts-list\">\t\t<li class=\"wsp-post\"><a href=\"https:\/\/wp.hashe.com\/4udesignsonline\/codigo-promocional-1win-julho-use-em1win-elizabeth-ganhe-500-jornal-estado-de-minas-noticias-onlin\/\">C\u00f3digo Promocional 1win Julho: Use Em1win Elizabeth Ganhe 500% Jornal Estado De Minas Not\u00edcias Onlin<\/a><\/li>\n\t\t<li class=\"wsp-post\"><a href=\"https:\/\/wp.hashe.com\/4udesignsonline\/1win-apk-como-baixar-o-cassino-online-mais-popular-do-brasil-para-um-seu-celular-guia-pratico-e-rapid\/\">1win Apk: Como Baixar O Cassino Online Mais Popular Do Brasil Para Um Seu Celular Guia Pr\u00e1tico E R\u00e1pid<\/a><\/li>\n<\/ul><\/li>\n\t<li><strong class=\"wsp-category-title\">Category: <a href=\"https:\/\/wp.hashe.com\/4udesignsonline\/category\/dzhekpot-kazino\/\">\u0414\u0436\u0435\u043a\u043f\u043e\u0442 \u041a\u0430\u0437\u0438\u043d\u043e<\/a><\/strong>\n<ul class=\"wsp-posts-list\">\t\t<li class=\"wsp-post\"><a href=\"https:\/\/wp.hashe.com\/4udesignsonline\/parametry-otbora-proverennogo-internet-kazino-dlja\/\">\u041f\u0430\u0440\u0430\u043c\u0435\u0442\u0440\u044b \u043e\u0442\u0431\u043e\u0440\u0430 \u043f\u0440\u043e\u0432\u0435\u0440\u0435\u043d\u043d\u043e\u0433\u043e \u0438\u043d\u0442\u0435\u0440\u043d\u0435\u0442-\u043a\u0430\u0437\u0438\u043d\u043e \u0434\u043b\u044f \u0430\u0437\u0430\u0440\u0442\u043d\u044b\u0445 \u0438\u0433\u0440 \u0438\u0441\u043f\u043e\u043b\u044c\u0437\u0443\u044f \u0441\u0440\u0435\u0434\u0441\u0442\u0432\u0430<\/a><\/li>\n<\/ul><\/li>\n\t<li><strong class=\"wsp-category-title\">Category: <a href=\"https:\/\/wp.hashe.com\/4udesignsonline\/category\/sasino-oyunlar\/\">\u0421asino Oyunlar<\/a><\/strong>\n<ul class=\"wsp-posts-list\">\t\t<li class=\"wsp-post\"><a href=\"https:\/\/wp.hashe.com\/4udesignsonline\/nakit-bahislerle-oynayin-bir-eglence-sitesinde\/\">Nakit bahislerle oynay\u0131n bir e\u011flence sitesinde \u00e7evrimi\u00e7i: se\u00e7im slotlar<\/a><\/li>\n<\/ul><\/li>\n\t<li><strong class=\"wsp-category-title\">Category: <a href=\"https:\/\/wp.hashe.com\/4udesignsonline\/category\/onlajn-kazino\/\">\u041e\u043d\u043b\u0430\u0439\u043d \u041a\u0430\u0437\u0438\u043d\u043e<\/a><\/strong>\n<ul class=\"wsp-posts-list\">\t\t<li class=\"wsp-post\"><a href=\"https:\/\/wp.hashe.com\/4udesignsonline\/slot-makineleri-oyna-gercek-bahislerle-guvenli\/\">Slot makineleri oyna ger\u00e7ek bahislerle g\u00fcvenli kumarhaneler \u00e7evrimi\u00e7i<\/a><\/li>\n<\/ul><\/li>\n\t<li><strong class=\"wsp-category-title\">Category: <a href=\"https:\/\/wp.hashe.com\/4udesignsonline\/category\/1win-india\/\">1win India<\/a><\/strong>\n<ul class=\"wsp-posts-list\">\t\t<li class=\"wsp-post\"><a href=\"https:\/\/wp.hashe.com\/4udesignsonline\/1-betting-site-in-indian-official-bookmaker-login-and-get-500-bonu\/\">#1 Betting Site In Indian Official Bookmaker Login And Get 500% Bonu<\/a><\/li>\n\t\t<li class=\"wsp-post\"><a href=\"https:\/\/wp.hashe.com\/4udesignsonline\/after-virat-kohli-india-captain-rohit-sharma-retires-coming-from-t20is-post-historic-t20-world-glass-2024-win-cricket-new\/\">After Virat Kohli, India Captain Rohit Sharma Retires Coming From T20is Post Historic T20 World Glass 2024 Win Cricket New<\/a><\/li>\n\t\t<li class=\"wsp-post\"><a href=\"https:\/\/wp.hashe.com\/4udesignsonline\/after-virat-kohli-india-captain-rohit-sharma-retires-coming-from-t20is-post-historic-t20-world-glass-2024-win-cricket-new-2\/\">After Virat Kohli, India Captain Rohit Sharma Retires Coming From T20is Post Historic T20 World Glass 2024 Win Cricket New<\/a><\/li>\n\t\t<li class=\"wsp-post\"><a href=\"https:\/\/wp.hashe.com\/4udesignsonline\/after-virat-kohli-india-captain-rohit-sharma-retires-coming-from-t20is-post-historic-t20-world-glass-2024-win-cricket-new-3\/\">After Virat Kohli, India Captain Rohit Sharma Retires Coming From T20is Post Historic T20 World Glass 2024 Win Cricket New<\/a><\/li>\n\t\t<li class=\"wsp-post\"><a href=\"https:\/\/wp.hashe.com\/4udesignsonline\/1win-bet-of-india-official-sports-betting-and-casino-website-500-deposit-bonus\/\">1win Bet Of India: Official Sports Betting And Casino Website 500% Deposit Bonus<\/a><\/li>\n<\/ul><\/li>\n\t<li><strong class=\"wsp-category-title\">Category: <a href=\"https:\/\/wp.hashe.com\/4udesignsonline\/category\/bez-rubriki\/\">! \u0411\u0435\u0437 \u0440\u0443\u0431\u0440\u0438\u043a\u0438<\/a><\/strong>\n<ul class=\"wsp-posts-list\">\t\t<li class=\"wsp-post\"><a href=\"https:\/\/wp.hashe.com\/4udesignsonline\/mostbet-giri-casino-oynama-rehberi-turkiye-de-8\/\">Mostbet Giri\u015f Casino Oynama Rehberi T\u00fcrkiye&#8217;de<\/a><\/li>\n\t\t<li class=\"wsp-post\"><a href=\"https:\/\/wp.hashe.com\/4udesignsonline\/h1-populer-deitirilmi-slot-makineleri-online\/\"><h1>Pop\u00fcler de\u011fi\u015ftirilmi\u015f slot makineleri online casino Ma\u015falbet<\/h1><\/a><\/li>\n\t\t<li class=\"wsp-post\"><a href=\"https:\/\/wp.hashe.com\/4udesignsonline\/h1-zamandan-test-edilmi-sanal-emulatorler-kasino\/\"><h1>Zamandan test edilmi\u015f sanal em\u00fclat\u00f6rler kasino Ba\u015far\u0131bet<\/h1><\/a><\/li>\n<\/ul><\/li>\n\t<li><strong class=\"wsp-category-title\">Category: <a href=\"https:\/\/wp.hashe.com\/4udesignsonline\/category\/mostbet-uz-kirish\/\">Mostbet UZ Kirish<\/a><\/strong>\n<ul class=\"wsp-posts-list\">\t\t<li class=\"wsp-post\"><a href=\"https:\/\/wp.hashe.com\/4udesignsonline\/mostbet-mobile-app-for-ios-android-download-and-install-2022\/\">Mostbet Mobile App For Ios &#038; Android Download And Install 2022<\/div>\n","protected":false},"excerpt":{"rendered":"","protected":false},"author":7,"featured_media":0,"parent":0,"menu_order":3,"comment_status":"open","ping_status":"closed","template":"","meta":{"_acf_changed":false,"footnotes":""},"class_list":["post-314","page","type-page","status-publish","hentry"],"acf":[],"_links":{"self":[{"href":"https:\/\/wp.hashe.com\/4udesignsonline\/wp-json\/wp\/v2\/pages\/314","targetHints":{"allow":["GET"]}}],"collection":[{"href":"https:\/\/wp.hashe.com\/4udesignsonline\/wp-json\/wp\/v2\/pages"}],"about":[{"href":"https:\/\/wp.hashe.com\/4udesignsonline\/wp-json\/wp\/v2\/types\/page"}],"author":[{"embeddable":true,"href":"https:\/\/wp.hashe.com\/4udesignsonline\/wp-json\/wp\/v2\/users\/7"}],"replies":[{"embeddable":true,"href":"https:\/\/wp.hashe.com\/4udesignsonline\/wp-json\/wp\/v2\/comments?post=314"}],"version-history":[{"count":0,"href":"https:\/\/wp.hashe.com\/4udesignsonline\/wp-json\/wp\/v2\/pages\/314\/revisions"}],"wp:attachment":[{"href":"https:\/\/wp.hashe.com\/4udesignsonline\/wp-json\/wp\/v2\/media?parent=314"}],"curies":[{"name":"wp","href":"https:\/\/api.w.org\/{rel}","templated":true}]}}